{"id":273,"date":"2023-10-01T08:00:31","date_gmt":"2023-10-01T08:00:31","guid":{"rendered":"https:\/\/erpsoftsas.com\/index.php\/training\/"},"modified":"2023-10-22T22:17:31","modified_gmt":"2023-10-22T22:17:31","slug":"capacitacion","status":"publish","type":"page","link":"https:\/\/erpsoftsas.com\/index.php\/capacitacion\/","title":{"rendered":"Capacitaci\u00f3n"},"content":{"rendered":"\t\t<div data-elementor-type=\"wp-page\" data-elementor-id=\"273\" class=\"elementor elementor-273\">\n\t\t\t\t\t\t<section class=\"elementor-section elementor-top-section elementor-element elementor-element-976cfd8 elementor-section-boxed elementor-section-height-default elementor-section-height-default\" data-id=\"976cfd8\" data-element_type=\"section\" data-e-type=\"section\" data-settings=\"{&quot;background_background&quot;:&quot;classic&quot;}\">\n\t\t\t\t\t\t<div class=\"elementor-container elementor-column-gap-no\">\n\t\t\t\t\t<div class=\"elementor-column elementor-col-100 elementor-top-column elementor-element elementor-element-15114ca\" data-id=\"15114ca\" data-element_type=\"column\" data-e-type=\"column\">\n\t\t\t<div class=\"elementor-widget-wrap elementor-element-populated\">\n\t\t\t\t\t\t<div class=\"elementor-element elementor-element-8ff1281 elementor-widget elementor-widget-heading\" data-id=\"8ff1281\" data-element_type=\"widget\" data-e-type=\"widget\" data-widget_type=\"heading.default\">\n\t\t\t\t<div class=\"elementor-widget-container\">\n\t\t\t\t\t<h1 class=\"elementor-heading-title elementor-size-default\">Capacitaci\u00f3n<\/h1>\t\t\t\t<\/div>\n\t\t\t\t<\/div>\n\t\t\t\t<div class=\"elementor-element elementor-element-3b5d4b4 elementor-widget-divider--view-line elementor-widget elementor-widget-divider\" data-id=\"3b5d4b4\" data-element_type=\"widget\" data-e-type=\"widget\" data-widget_type=\"divider.default\">\n\t\t\t\t<div class=\"elementor-widget-container\">\n\t\t\t\t\t\t\t<div class=\"elementor-divider\">\n\t\t\t<span class=\"elementor-divider-separator\">\n\t\t\t\t\t\t<\/span>\n\t\t<\/div>\n\t\t\t\t\t\t<\/div>\n\t\t\t\t<\/div>\n\t\t\t\t\t<\/div>\n\t\t<\/div>\n\t\t\t\t\t<\/div>\n\t\t<\/section>\n\t\t\t\t<section class=\"elementor-section elementor-top-section elementor-element elementor-element-df04508 elementor-section-boxed elementor-section-height-default elementor-section-height-default\" data-id=\"df04508\" data-element_type=\"section\" data-e-type=\"section\">\n\t\t\t\t\t\t<div class=\"elementor-container elementor-column-gap-no\">\n\t\t\t\t\t<div class=\"elementor-column elementor-col-100 elementor-top-column elementor-element elementor-element-ab5b705\" data-id=\"ab5b705\" data-element_type=\"column\" data-e-type=\"column\">\n\t\t\t<div class=\"elementor-widget-wrap elementor-element-populated\">\n\t\t\t\t\t\t<div class=\"elementor-element elementor-element-b15f6d7 elementor-position-right elementor-vertical-align-middle elementor-widget elementor-widget-image-box\" data-id=\"b15f6d7\" data-element_type=\"widget\" data-e-type=\"widget\" data-widget_type=\"image-box.default\">\n\t\t\t\t<div class=\"elementor-widget-container\">\n\t\t\t\t\t<div class=\"elementor-image-box-wrapper\"><figure class=\"elementor-image-box-img\"><img fetchpriority=\"high\" decoding=\"async\" width=\"600\" height=\"400\" src=\"https:\/\/erpsoftsas.com\/wp-content\/uploads\/2023\/10\/servicios01-2.jpg\" class=\"attachment-full size-full wp-image-954\" alt=\"\" srcset=\"https:\/\/erpsoftsas.com\/wp-content\/uploads\/2023\/10\/servicios01-2.jpg 600w, https:\/\/erpsoftsas.com\/wp-content\/uploads\/2023\/10\/servicios01-2-300x200.jpg 300w\" sizes=\"(max-width: 600px) 100vw, 600px\" \/><\/figure><div class=\"elementor-image-box-content\"><h2 class=\"elementor-image-box-title\">Empresa de Software para el Sector P\u00fablico y Privado<\/h2><p class=\"elementor-image-box-description\">La capacitaci\u00f3n ofrecida por nosotros se caracteriza por ser una soluci\u00f3n integral y personalizada, dirigida tanto a entidades del sector p\u00fablico como al sector privado.\nNuestra capacitaci\u00f3n se enfoca en optimizar sus procesos administrativos y operativos, ayud\u00e1ndoles a implementar eficazmente nuestras soluciones tecnol\u00f3gicas.\nBrindamos capacitaci\u00f3n especializada en el uso de nuestras herramientas para potenciar su productividad y competitividad en el mercado. Nuestro enfoque es adaptar la formaci\u00f3n a las necesidades espec\u00edficas de cada cliente, garantizando un aprendizaje efectivo que les permita aprovechar al m\u00e1ximo nuestras soluciones de software y, en \u00faltima instancia, alcanzar sus metas empresariales.<\/p><\/div><\/div>\t\t\t\t<\/div>\n\t\t\t\t<\/div>\n\t\t\t\t\t<\/div>\n\t\t<\/div>\n\t\t\t\t\t<\/div>\n\t\t<\/section>\n\t\t<div class=\"elementor-element elementor-element-d94a1eb e-flex e-con-boxed e-con e-parent\" data-id=\"d94a1eb\" data-element_type=\"container\" data-e-type=\"container\">\n\t\t\t\t\t<div class=\"e-con-inner\">\n\t\t<div class=\"elementor-element elementor-element-aaa9c75 e-con-full e-flex e-con e-child\" data-id=\"aaa9c75\" data-element_type=\"container\" data-e-type=\"container\">\n\t\t\t\t<div class=\"elementor-element elementor-element-b842f37 elementor-widget__width-initial elementor-widget-mobile__width-inherit elementor-position-top elementor-widget elementor-widget-image-box\" data-id=\"b842f37\" data-element_type=\"widget\" data-e-type=\"widget\" data-widget_type=\"image-box.default\">\n\t\t\t\t<div class=\"elementor-widget-container\">\n\t\t\t\t\t<div class=\"elementor-image-box-wrapper\"><figure class=\"elementor-image-box-img\"><a href=\"#\" tabindex=\"-1\"><img decoding=\"async\" width=\"600\" height=\"400\" src=\"https:\/\/erpsoftsas.com\/wp-content\/uploads\/2023\/10\/7.png\" class=\"attachment-full size-full wp-image-1111\" alt=\"\" srcset=\"https:\/\/erpsoftsas.com\/wp-content\/uploads\/2023\/10\/7.png 600w, https:\/\/erpsoftsas.com\/wp-content\/uploads\/2023\/10\/7-300x200.png 300w\" sizes=\"(max-width: 600px) 100vw, 600px\" \/><\/a><\/figure><div class=\"elementor-image-box-content\"><h4 class=\"elementor-image-box-title\"><a href=\"#\">Capacitaci\u00f3n a Medida<\/a><\/h4><p class=\"elementor-image-box-description\">Una de las ventajas m\u00e1s destacadas de este servicio de capacitaci\u00f3n es su enfoque personalizado. La empresa de software comprende que las necesidades de cada entidad pueden variar significativamente. Por lo tanto, ofrece programas de capacitaci\u00f3n a medida que se adaptan a las particularidades de cada organizaci\u00f3n. Esto garantiza que el personal de las alcald\u00edas, empresas de servicios p\u00fablicos, institutos de deportes, concejos, personer\u00edas, ESE y hospitales, as\u00ed como los colegios, empresas comerciales y de servicios privados, reciban la formaci\u00f3n necesaria para operar eficientemente.<\/p><\/div><\/div>\t\t\t\t<\/div>\n\t\t\t\t<\/div>\n\t\t\t\t<\/div>\n\t\t<div class=\"elementor-element elementor-element-f3867ec e-con-full e-flex e-con e-child\" data-id=\"f3867ec\" data-element_type=\"container\" data-e-type=\"container\">\n\t\t\t\t<div class=\"elementor-element elementor-element-c790d6e elementor-widget__width-initial elementor-widget-mobile__width-inherit elementor-position-top elementor-widget elementor-widget-image-box\" data-id=\"c790d6e\" data-element_type=\"widget\" data-e-type=\"widget\" data-widget_type=\"image-box.default\">\n\t\t\t\t<div class=\"elementor-widget-container\">\n\t\t\t\t\t<div class=\"elementor-image-box-wrapper\"><figure class=\"elementor-image-box-img\"><a href=\"#\" tabindex=\"-1\"><img decoding=\"async\" width=\"600\" height=\"400\" src=\"https:\/\/erpsoftsas.com\/wp-content\/uploads\/2023\/10\/8.png\" class=\"attachment-full size-full wp-image-1112\" alt=\"\" srcset=\"https:\/\/erpsoftsas.com\/wp-content\/uploads\/2023\/10\/8.png 600w, https:\/\/erpsoftsas.com\/wp-content\/uploads\/2023\/10\/8-300x200.png 300w\" sizes=\"(max-width: 600px) 100vw, 600px\" \/><\/a><\/figure><div class=\"elementor-image-box-content\"><h4 class=\"elementor-image-box-title\"><a href=\"#\">Herramientas Tecnol\u00f3gicas de Vanguardia<\/a><\/h4><p class=\"elementor-image-box-description\">El \u00e9xito de la capacitaci\u00f3n reside en la utilizaci\u00f3n de las herramientas tecnol\u00f3gicas m\u00e1s avanzadas. La empresa de software se asegura de que todas las entidades tengan acceso a las \u00faltimas tendencias y tecnolog\u00edas. Esto no solo les permite mantenerse al d\u00eda con las demandas del mercado, sino que tambi\u00e9n les da una ventaja competitiva. En un mundo en constante evoluci\u00f3n, estar bien informado y preparado es esencial.<\/p><\/div><\/div>\t\t\t\t<\/div>\n\t\t\t\t<\/div>\n\t\t\t\t<\/div>\n\t\t<div class=\"elementor-element elementor-element-a0e650f e-con-full e-flex e-con e-child\" data-id=\"a0e650f\" data-element_type=\"container\" data-e-type=\"container\">\n\t\t\t\t<div class=\"elementor-element elementor-element-4d47bff elementor-widget__width-initial elementor-widget-mobile__width-inherit elementor-position-top elementor-widget elementor-widget-image-box\" data-id=\"4d47bff\" data-element_type=\"widget\" data-e-type=\"widget\" data-widget_type=\"image-box.default\">\n\t\t\t\t<div class=\"elementor-widget-container\">\n\t\t\t\t\t<div class=\"elementor-image-box-wrapper\"><figure class=\"elementor-image-box-img\"><a href=\"#\" tabindex=\"-1\"><img loading=\"lazy\" decoding=\"async\" width=\"600\" height=\"400\" src=\"https:\/\/erpsoftsas.com\/wp-content\/uploads\/2023\/10\/9.png\" class=\"attachment-full size-full wp-image-1113\" alt=\"\" srcset=\"https:\/\/erpsoftsas.com\/wp-content\/uploads\/2023\/10\/9.png 600w, https:\/\/erpsoftsas.com\/wp-content\/uploads\/2023\/10\/9-300x200.png 300w\" sizes=\"(max-width: 600px) 100vw, 600px\" \/><\/a><\/figure><div class=\"elementor-image-box-content\"><h4 class=\"elementor-image-box-title\"><a href=\"#\">Flexibilidad y Escalabilidad<\/a><\/h4><p class=\"elementor-image-box-description\">La capacitaci\u00f3n no ser\u00eda efectiva sin la gu\u00eda de expertos en la materia. La empresa de software colabora con profesionales altamente calificados que no solo dominan el software en cuesti\u00f3n, sino que tambi\u00e9n entienden las necesidades espec\u00edficas de cada sector. Ya sea en el \u00e1mbito p\u00fablico o privado, contar con formadores experimentados marca la diferencia en la calidad de la capacitaci\u00f3n.<\/p><\/div><\/div>\t\t\t\t<\/div>\n\t\t\t\t<\/div>\n\t\t\t\t<\/div>\n\t\t<div class=\"elementor-element elementor-element-11be229 e-con-full e-flex e-con e-child\" data-id=\"11be229\" data-element_type=\"container\" data-e-type=\"container\">\n\t\t\t\t<div class=\"elementor-element elementor-element-3222090 elementor-widget__width-initial elementor-widget-mobile__width-inherit elementor-position-top elementor-widget elementor-widget-image-box\" data-id=\"3222090\" data-element_type=\"widget\" data-e-type=\"widget\" data-widget_type=\"image-box.default\">\n\t\t\t\t<div class=\"elementor-widget-container\">\n\t\t\t\t\t<div class=\"elementor-image-box-wrapper\"><figure class=\"elementor-image-box-img\"><a href=\"#\" tabindex=\"-1\"><img loading=\"lazy\" decoding=\"async\" width=\"600\" height=\"400\" src=\"https:\/\/erpsoftsas.com\/wp-content\/uploads\/2023\/10\/10.png\" class=\"attachment-full size-full wp-image-1114\" alt=\"\" srcset=\"https:\/\/erpsoftsas.com\/wp-content\/uploads\/2023\/10\/10.png 600w, https:\/\/erpsoftsas.com\/wp-content\/uploads\/2023\/10\/10-300x200.png 300w\" sizes=\"(max-width: 600px) 100vw, 600px\" \/><\/a><\/figure><div class=\"elementor-image-box-content\"><h4 class=\"elementor-image-box-title\"><a href=\"#\">Resultados Tangibles<\/a><\/h4><p class=\"elementor-image-box-description\">La capacitaci\u00f3n no es solo un gasto, sino una inversi\u00f3n. Las entidades que optan por recibir capacitaci\u00f3n de esta empresa de software experimentan resultados tangibles. La eficiencia aumenta, los procesos se optimizan y el personal se vuelve m\u00e1s competente. En \u00faltima instancia, esto se traduce en un mejor servicio para la comunidad en el sector p\u00fablico y en un aumento en la rentabilidad en el sector privado.<\/p><\/div><\/div>\t\t\t\t<\/div>\n\t\t\t\t<\/div>\n\t\t\t\t<\/div>\n\t\t\t\t\t<\/div>\n\t\t\t\t<\/div>\n\t\t\t\t<section class=\"elementor-section elementor-top-section elementor-element elementor-element-5188f5c elementor-section-height-min-height elementor-section-boxed elementor-section-height-default elementor-section-items-middle\" data-id=\"5188f5c\" data-element_type=\"section\" data-e-type=\"section\" data-settings=\"{&quot;background_background&quot;:&quot;classic&quot;}\">\n\t\t\t\t\t\t\t<div class=\"elementor-background-overlay\"><\/div>\n\t\t\t\t\t\t\t<div class=\"elementor-container elementor-column-gap-no\">\n\t\t\t\t\t<div class=\"elementor-column elementor-col-100 elementor-top-column elementor-element elementor-element-099939e\" data-id=\"099939e\" data-element_type=\"column\" data-e-type=\"column\">\n\t\t\t<div class=\"elementor-widget-wrap elementor-element-populated\">\n\t\t\t\t\t\t<div class=\"elementor-element elementor-element-88b771a elementor-widget elementor-widget-heading\" data-id=\"88b771a\" data-element_type=\"widget\" data-e-type=\"widget\" data-widget_type=\"heading.default\">\n\t\t\t\t<div class=\"elementor-widget-container\">\n\t\t\t\t\t<h6 class=\"elementor-heading-title elementor-size-default\">ERP SOFT SAS<\/h6>\t\t\t\t<\/div>\n\t\t\t\t<\/div>\n\t\t\t\t<div class=\"elementor-element elementor-element-6d82fe5 elementor-widget elementor-widget-heading\" data-id=\"6d82fe5\" data-element_type=\"widget\" data-e-type=\"widget\" data-widget_type=\"heading.default\">\n\t\t\t\t<div class=\"elementor-widget-container\">\n\t\t\t\t\t<h2 class=\"elementor-heading-title elementor-size-default\">Software\nInnovaci\u00f3n\nCapacitaci\u00f3n<\/h2>\t\t\t\t<\/div>\n\t\t\t\t<\/div>\n\t\t\t\t<div class=\"elementor-element elementor-element-f508851 elementor-widget elementor-widget-text-editor\" data-id=\"f508851\" data-element_type=\"widget\" data-e-type=\"widget\" data-widget_type=\"text-editor.default\">\n\t\t\t\t<div class=\"elementor-widget-container\">\n\t\t\t\t\t\t\t\t\t<p>Contamos con personal capacitado con m\u00e1s de 15 a\u00f1os de experiencia y Especialistas en Gesti\u00f3n de proyecto<\/p>\t\t\t\t\t\t\t\t<\/div>\n\t\t\t\t<\/div>\n\t\t\t\t<div class=\"elementor-element elementor-element-5d735d8 elementor-align-center elementor-widget elementor-widget-button\" data-id=\"5d735d8\" data-element_type=\"widget\" data-e-type=\"widget\" data-widget_type=\"button.default\">\n\t\t\t\t<div class=\"elementor-widget-container\">\n\t\t\t\t\t\t\t\t\t<div class=\"elementor-button-wrapper\">\n\t\t\t\t\t<a class=\"elementor-button elementor-button-link elementor-size-sm\" href=\"https:\/\/erpsoftsas.com\/index.php\/contacto\">\n\t\t\t\t\t\t<span class=\"elementor-button-content-wrapper\">\n\t\t\t\t\t\t\t\t\t<span class=\"elementor-button-text\">Contactanos<\/span>\n\t\t\t\t\t<\/span>\n\t\t\t\t\t<\/a>\n\t\t\t\t<\/div>\n\t\t\t\t\t\t\t\t<\/div>\n\t\t\t\t<\/div>\n\t\t\t\t\t<\/div>\n\t\t<\/div>\n\t\t\t\t\t<\/div>\n\t\t<\/section>\n\t\t\t\t<\/div>\n\t\t","protected":false},"excerpt":{"rendered":"<p>Capacitaci\u00f3n Empresa de Software para el Sector P\u00fablico y Privado La capacitaci\u00f3n ofrecida por nosotros se caracteriza por ser una soluci\u00f3n integral y personalizada, dirigida tanto a entidades del sector p\u00fablico como al sector privado. Nuestra capacitaci\u00f3n se enfoca en optimizar sus procesos administrativos y operativos, ayud\u00e1ndoles a implementar eficazmente nuestras soluciones tecnol\u00f3gicas. Brindamos capacitaci\u00f3n [&hellip;]<\/p>\n","protected":false},"author":1,"featured_media":0,"parent":0,"menu_order":0,"comment_status":"closed","ping_status":"closed","template":"","meta":{"site-sidebar-layout":"no-sidebar","site-content-layout":"page-builder","ast-site-content-layout":"default","site-content-style":"default","site-sidebar-style":"default","ast-global-header-display":"","ast-banner-title-visibility":"","ast-main-header-display":"","ast-hfb-above-header-display":"","ast-hfb-below-header-display":"","ast-hfb-mobile-header-display":"","site-post-title":"disabled","ast-breadcrumbs-content":"disabled","ast-featured-img":"disabled","footer-sml-layout":"","ast-disable-related-posts":"","theme-transparent-header-meta":"enabled","adv-header-id-meta":"","stick-header-meta":"","header-above-stick-meta":"","header-main-stick-meta":"","header-below-stick-meta":"","astra-migrate-meta-layouts":"default","ast-page-background-enabled":"default","ast-page-background-meta":{"desktop":{"background-color":"","background-image":"","background-repeat":"repeat","background-position":"center center","background-size":"auto","background-attachment":"scroll","background-type":"","background-media":"","overlay-type":"","overlay-color":"","overlay-opacity":"","overlay-gradient":""},"tablet":{"background-color":"","background-image":"","background-repeat":"repeat","background-position":"center center","background-size":"auto","background-attachment":"scroll","background-type":"","background-media":"","overlay-type":"","overlay-color":"","overlay-opacity":"","overlay-gradient":""},"mobile":{"background-color":"","background-image":"","background-repeat":"repeat","background-position":"center center","background-size":"auto","background-attachment":"scroll","background-type":"","background-media":"","overlay-type":"","overlay-color":"","overlay-opacity":"","overlay-gradient":""}},"ast-content-background-meta":{"desktop":{"background-color":"var(--ast-global-color-5)","background-image":"","background-repeat":"repeat","background-position":"center center","background-size":"auto","background-attachment":"scroll","background-type":"","background-media":"","overlay-type":"","overlay-color":"","overlay-opacity":"","overlay-gradient":""},"tablet":{"background-color":"var(--ast-global-color-5)","background-image":"","background-repeat":"repeat","background-position":"center center","background-size":"auto","background-attachment":"scroll","background-type":"","background-media":"","overlay-type":"","overlay-color":"","overlay-opacity":"","overlay-gradient":""},"mobile":{"background-color":"var(--ast-global-color-5)","background-image":"","background-repeat":"repeat","background-position":"center center","background-size":"auto","background-attachment":"scroll","background-type":"","background-media":"","overlay-type":"","overlay-color":"","overlay-opacity":"","overlay-gradient":""}},"footnotes":""},"class_list":["post-273","page","type-page","status-publish","hentry"],"_links":{"self":[{"href":"https:\/\/erpsoftsas.com\/index.php\/wp-json\/wp\/v2\/pages\/273","targetHints":{"allow":["GET"]}}],"collection":[{"href":"https:\/\/erpsoftsas.com\/index.php\/wp-json\/wp\/v2\/pages"}],"about":[{"href":"https:\/\/erpsoftsas.com\/index.php\/wp-json\/wp\/v2\/types\/page"}],"author":[{"embeddable":true,"href":"https:\/\/erpsoftsas.com\/index.php\/wp-json\/wp\/v2\/users\/1"}],"replies":[{"embeddable":true,"href":"https:\/\/erpsoftsas.com\/index.php\/wp-json\/wp\/v2\/comments?post=273"}],"version-history":[{"count":0,"href":"https:\/\/erpsoftsas.com\/index.php\/wp-json\/wp\/v2\/pages\/273\/revisions"}],"wp:attachment":[{"href":"https:\/\/erpsoftsas.com\/index.php\/wp-json\/wp\/v2\/media?parent=273"}],"curies":[{"name":"wp","href":"https:\/\/api.w.org\/{rel}","templated":true}]}}