{"id":230,"date":"2023-10-10T08:00:37","date_gmt":"2023-10-10T08:00:37","guid":{"rendered":"https:\/\/erpsoftsas.com\/index.php\/services\/"},"modified":"2023-10-22T22:38:14","modified_gmt":"2023-10-22T22:38:14","slug":"servicios","status":"publish","type":"page","link":"https:\/\/erpsoftsas.com\/index.php\/servicios\/","title":{"rendered":"Servicios"},"content":{"rendered":"\t\t<div data-elementor-type=\"wp-page\" data-elementor-id=\"230\" class=\"elementor elementor-230\">\n\t\t\t\t\t\t<section class=\"elementor-section elementor-top-section elementor-element elementor-element-3549248 elementor-section-boxed elementor-section-height-default elementor-section-height-default\" data-id=\"3549248\" data-element_type=\"section\" data-e-type=\"section\" data-settings=\"{&quot;background_background&quot;:&quot;classic&quot;}\">\n\t\t\t\t\t\t<div class=\"elementor-container elementor-column-gap-no\">\n\t\t\t\t\t<div class=\"elementor-column elementor-col-100 elementor-top-column elementor-element elementor-element-073fbb5\" data-id=\"073fbb5\" data-element_type=\"column\" data-e-type=\"column\">\n\t\t\t<div class=\"elementor-widget-wrap elementor-element-populated\">\n\t\t\t\t\t\t<div class=\"elementor-element elementor-element-5158c6c elementor-widget elementor-widget-heading\" data-id=\"5158c6c\" data-element_type=\"widget\" data-e-type=\"widget\" data-widget_type=\"heading.default\">\n\t\t\t\t<div class=\"elementor-widget-container\">\n\t\t\t\t\t<h1 class=\"elementor-heading-title elementor-size-default\">Servicios<\/h1>\t\t\t\t<\/div>\n\t\t\t\t<\/div>\n\t\t\t\t<div class=\"elementor-element elementor-element-d8a3f71 elementor-widget-divider--view-line elementor-widget elementor-widget-divider\" data-id=\"d8a3f71\" data-element_type=\"widget\" data-e-type=\"widget\" data-widget_type=\"divider.default\">\n\t\t\t\t<div class=\"elementor-widget-container\">\n\t\t\t\t\t\t\t<div class=\"elementor-divider\">\n\t\t\t<span class=\"elementor-divider-separator\">\n\t\t\t\t\t\t<\/span>\n\t\t<\/div>\n\t\t\t\t\t\t<\/div>\n\t\t\t\t<\/div>\n\t\t\t\t\t<\/div>\n\t\t<\/div>\n\t\t\t\t\t<\/div>\n\t\t<\/section>\n\t\t\t\t<section class=\"elementor-section elementor-top-section elementor-element elementor-element-2f18ee5 elementor-section-boxed elementor-section-height-default elementor-section-height-default\" data-id=\"2f18ee5\" data-element_type=\"section\" data-e-type=\"section\" data-settings=\"{&quot;background_background&quot;:&quot;classic&quot;}\">\n\t\t\t\t\t\t<div class=\"elementor-container elementor-column-gap-no\">\n\t\t\t\t\t<div class=\"elementor-column elementor-col-100 elementor-top-column elementor-element elementor-element-6a8c82c\" data-id=\"6a8c82c\" data-element_type=\"column\" data-e-type=\"column\">\n\t\t\t<div class=\"elementor-widget-wrap elementor-element-populated\">\n\t\t\t\t\t\t<div class=\"elementor-element elementor-element-31e88d5 elementor-position-left elementor-vertical-align-middle elementor-widget elementor-widget-image-box\" data-id=\"31e88d5\" data-element_type=\"widget\" data-e-type=\"widget\" data-widget_type=\"image-box.default\">\n\t\t\t\t<div class=\"elementor-widget-container\">\n\t\t\t\t\t<div class=\"elementor-image-box-wrapper\"><figure class=\"elementor-image-box-img\"><img fetchpriority=\"high\" decoding=\"async\" width=\"600\" height=\"400\" src=\"https:\/\/erpsoftsas.com\/wp-content\/uploads\/2023\/10\/servicios01-1.jpg\" class=\"attachment-full size-full wp-image-953\" alt=\"\" srcset=\"https:\/\/erpsoftsas.com\/wp-content\/uploads\/2023\/10\/servicios01-1.jpg 600w, https:\/\/erpsoftsas.com\/wp-content\/uploads\/2023\/10\/servicios01-1-300x200.jpg 300w\" sizes=\"(max-width: 600px) 100vw, 600px\" \/><\/figure><div class=\"elementor-image-box-content\"><h3 class=\"elementor-image-box-title\">Instalaci\u00f3n<\/h3><p class=\"elementor-image-box-description\">En el mundo actual, la tecnolog\u00eda desempe\u00f1a un papel fundamental en la eficiencia y la gesti\u00f3n de las organizaciones, tanto en el sector p\u00fablico como en el privado.<br>\nLa instalaci\u00f3n de software se ha convertido en un servicio esencial para garantizar un funcionamiento sin contratiempos de las entidades, como Alcald\u00edas, Empresas de Servicios P\u00fablicos, Institutos de Deportes, Concejos, Personer\u00edas, ESE y Hospitales, as\u00ed como Colegios, Empresas Comerciales y de Servicios. <\/p><\/div><\/div>\t\t\t\t<\/div>\n\t\t\t\t<\/div>\n\t\t\t\t<div class=\"elementor-element elementor-element-f301f94 elementor-position-right elementor-vertical-align-middle elementor-widget elementor-widget-image-box\" data-id=\"f301f94\" data-element_type=\"widget\" data-e-type=\"widget\" data-widget_type=\"image-box.default\">\n\t\t\t\t<div class=\"elementor-widget-container\">\n\t\t\t\t\t<div class=\"elementor-image-box-wrapper\"><figure class=\"elementor-image-box-img\"><a href=\"https:\/\/erpsoftsas.com\/index.php\/capacitacion\" tabindex=\"-1\"><img decoding=\"async\" width=\"600\" height=\"400\" src=\"https:\/\/erpsoftsas.com\/wp-content\/uploads\/2023\/10\/servicios01-2.jpg\" class=\"attachment-full size-full wp-image-954\" alt=\"\" srcset=\"https:\/\/erpsoftsas.com\/wp-content\/uploads\/2023\/10\/servicios01-2.jpg 600w, https:\/\/erpsoftsas.com\/wp-content\/uploads\/2023\/10\/servicios01-2-300x200.jpg 300w\" sizes=\"(max-width: 600px) 100vw, 600px\" \/><\/a><\/figure><div class=\"elementor-image-box-content\"><h3 class=\"elementor-image-box-title\"><a href=\"https:\/\/erpsoftsas.com\/index.php\/capacitacion\">Capacitaci\u00f3n<\/a><\/h3><p class=\"elementor-image-box-description\">La capacitaci\u00f3n ofrecida por nosotros se caracteriza por ser una soluci\u00f3n integral y personalizada, dirigida tanto a entidades del sector p\u00fablico como al sector privado.<br> Nuestra capacitaci\u00f3n se enfoca en optimizar sus procesos administrativos y operativos, ayud\u00e1ndoles a implementar eficazmente nuestras soluciones tecnol\u00f3gicas. <br>\nBrindamos capacitaci\u00f3n especializada en el uso de nuestras herramientas para potenciar su productividad y competitividad en el mercado. Nuestro enfoque es adaptar la formaci\u00f3n a las necesidades espec\u00edficas de cada cliente, garantizando un aprendizaje efectivo que les permita aprovechar al m\u00e1ximo nuestras soluciones de software y, en \u00faltima instancia, alcanzar sus metas empresariales.<\/p><\/div><\/div>\t\t\t\t<\/div>\n\t\t\t\t<\/div>\n\t\t\t\t<div class=\"elementor-element elementor-element-e8e66bf elementor-position-left elementor-vertical-align-middle elementor-widget elementor-widget-image-box\" data-id=\"e8e66bf\" data-element_type=\"widget\" data-e-type=\"widget\" data-widget_type=\"image-box.default\">\n\t\t\t\t<div class=\"elementor-widget-container\">\n\t\t\t\t\t<div class=\"elementor-image-box-wrapper\"><figure class=\"elementor-image-box-img\"><img decoding=\"async\" width=\"600\" height=\"400\" src=\"https:\/\/erpsoftsas.com\/wp-content\/uploads\/2023\/10\/servicios01-6.jpg\" class=\"attachment-full size-full wp-image-958\" alt=\"\" srcset=\"https:\/\/erpsoftsas.com\/wp-content\/uploads\/2023\/10\/servicios01-6.jpg 600w, https:\/\/erpsoftsas.com\/wp-content\/uploads\/2023\/10\/servicios01-6-300x200.jpg 300w\" sizes=\"(max-width: 600px) 100vw, 600px\" \/><\/figure><div class=\"elementor-image-box-content\"><h3 class=\"elementor-image-box-title\">Soporte<\/h3><p class=\"elementor-image-box-description\">El soporte es fundamental tanto para las entidades del sector p\u00fablico como para las del sector privado.\nNuestro equipo de expertos en software est\u00e1 disponible para atender y resolver cualquier consulta, incidencia o problema que puedan enfrentar en el uso de nuestras soluciones. Ya sea brindando asistencia t\u00e9cnica o capacitaci\u00f3n adicional, nuestro objetivo es garantizar que nuestros clientes obtengan el m\u00e1ximo beneficio de nuestros productos, optimizando sus procesos y asegurando un rendimiento \u00f3ptimo en sus operaciones diarias. Estamos comprometidos en ser el aliado confiable que respalda el \u00e9xito continuo de las organizaciones, tanto en el sector p\u00fablico como en el privado.<\/p><\/div><\/div>\t\t\t\t<\/div>\n\t\t\t\t<\/div>\n\t\t\t\t<div class=\"elementor-element elementor-element-b669f62 elementor-position-right elementor-vertical-align-middle elementor-widget elementor-widget-image-box\" data-id=\"b669f62\" data-element_type=\"widget\" data-e-type=\"widget\" data-widget_type=\"image-box.default\">\n\t\t\t\t<div class=\"elementor-widget-container\">\n\t\t\t\t\t<div class=\"elementor-image-box-wrapper\"><figure class=\"elementor-image-box-img\"><img loading=\"lazy\" decoding=\"async\" width=\"600\" height=\"400\" src=\"https:\/\/erpsoftsas.com\/wp-content\/uploads\/2023\/10\/servicios01-3.jpg\" class=\"attachment-full size-full wp-image-955\" alt=\"\" srcset=\"https:\/\/erpsoftsas.com\/wp-content\/uploads\/2023\/10\/servicios01-3.jpg 600w, https:\/\/erpsoftsas.com\/wp-content\/uploads\/2023\/10\/servicios01-3-300x200.jpg 300w\" sizes=\"(max-width: 600px) 100vw, 600px\" \/><\/figure><div class=\"elementor-image-box-content\"><h3 class=\"elementor-image-box-title\">Desarrollo a la medida - APP - Integraci\u00f3n PSE<\/h3><p class=\"elementor-image-box-description\">A trav\u00e9s de este servicio, trabajamos estrechamente con nuestros clientes para dise\u00f1ar y desarrollar soluciones personalizadas que aborden sus desaf\u00edos espec\u00edficos, optimizando sus procesos y brindando una experiencia de usuario excepcional. La integraci\u00f3n con el sistema de pagos PSE agrega un componente adicional de comodidad y eficiencia para las transacciones financieras. Ya sea que se trate de la creaci\u00f3n de aplicaciones m\u00f3viles innovadoras o la integraci\u00f3n perfecta de sistemas de pago en l\u00ednea, nuestro enfoque es proporcionar soluciones tecnol\u00f3gicas a la medida que impulsan el crecimiento y la eficiencia de las organizaciones en ambos sectores, p\u00fablico y privado.<\/p><\/div><\/div>\t\t\t\t<\/div>\n\t\t\t\t<\/div>\n\t\t\t\t<div class=\"elementor-element elementor-element-134c6e1 elementor-position-left elementor-vertical-align-middle elementor-widget elementor-widget-image-box\" data-id=\"134c6e1\" data-element_type=\"widget\" data-e-type=\"widget\" data-widget_type=\"image-box.default\">\n\t\t\t\t<div class=\"elementor-widget-container\">\n\t\t\t\t\t<div class=\"elementor-image-box-wrapper\"><figure class=\"elementor-image-box-img\"><img loading=\"lazy\" decoding=\"async\" width=\"600\" height=\"400\" src=\"https:\/\/erpsoftsas.com\/wp-content\/uploads\/2023\/10\/servicios01-4.jpg\" class=\"attachment-full size-full wp-image-956\" alt=\"\" srcset=\"https:\/\/erpsoftsas.com\/wp-content\/uploads\/2023\/10\/servicios01-4.jpg 600w, https:\/\/erpsoftsas.com\/wp-content\/uploads\/2023\/10\/servicios01-4-300x200.jpg 300w\" sizes=\"(max-width: 600px) 100vw, 600px\" \/><\/figure><div class=\"elementor-image-box-content\"><h3 class=\"elementor-image-box-title\">Servicio de migraci\u00f3n de datos de sistemas anteriores<\/h3><p class=\"elementor-image-box-description\">Entendemos que la transici\u00f3n de datos de sistemas previos a nuestras soluciones de software puede ser un desaf\u00edo cr\u00edtico.<br>\nPor ello, ofrecemos un proceso meticuloso y eficiente de migraci\u00f3n que asegura la integridad y seguridad de la informaci\u00f3n, garantizando una transici\u00f3n fluida y sin inconvenientes. Nuestro equipo de expertos se encarga de todo el proceso, desde la planificaci\u00f3n inicial hasta la validaci\u00f3n de los datos en el nuevo sistema, permitiendo a nuestros clientes aprovechar plenamente las ventajas de nuestras soluciones sin preocuparse por la p\u00e9rdida o corrupci\u00f3n de informaci\u00f3n esencial. Estamos comprometidos en hacer que el proceso de migraci\u00f3n de datos sea lo m\u00e1s sencillo y exitoso posible, independientemente del sector al que pertenezcan nuestros clientes.<\/p><\/div><\/div>\t\t\t\t<\/div>\n\t\t\t\t<\/div>\n\t\t\t\t<div class=\"elementor-element elementor-element-2aced68 elementor-position-right elementor-vertical-align-middle elementor-widget elementor-widget-image-box\" data-id=\"2aced68\" data-element_type=\"widget\" data-e-type=\"widget\" data-widget_type=\"image-box.default\">\n\t\t\t\t<div class=\"elementor-widget-container\">\n\t\t\t\t\t<div class=\"elementor-image-box-wrapper\"><figure class=\"elementor-image-box-img\"><img loading=\"lazy\" decoding=\"async\" width=\"600\" height=\"400\" src=\"https:\/\/erpsoftsas.com\/wp-content\/uploads\/2023\/10\/servicios01-5.jpg\" class=\"attachment-full size-full wp-image-957\" alt=\"\" srcset=\"https:\/\/erpsoftsas.com\/wp-content\/uploads\/2023\/10\/servicios01-5.jpg 600w, https:\/\/erpsoftsas.com\/wp-content\/uploads\/2023\/10\/servicios01-5-300x200.jpg 300w\" sizes=\"(max-width: 600px) 100vw, 600px\" \/><\/figure><div class=\"elementor-image-box-content\"><h3 class=\"elementor-image-box-title\">Asesor\u00eda en procesos de gesti\u00f3n administrativa p\u00fablica<\/h3><p class=\"elementor-image-box-description\">Comprendemos la importancia de una administraci\u00f3n eficaz y eficiente, y a trav\u00e9s de nuestro equipo de expertos en gesti\u00f3n administrativa, trabajamos en estrecha colaboraci\u00f3n con nuestros clientes para identificar \u00e1reas de mejora, dise\u00f1ar estrategias y optimizar procesos. Nuestra asesor\u00eda se enfoca en la implementaci\u00f3n de las mejores pr\u00e1cticas, la optimizaci\u00f3n de flujos de trabajo, la simplificaci\u00f3n de procedimientos y la incorporaci\u00f3n de tecnolog\u00eda de vanguardia, permitiendo a las organizaciones, tanto p\u00fablicas como privadas, alcanzar niveles m\u00e1s altos de productividad y cumplir con sus objetivos de manera m\u00e1s efectiva. Estamos comprometidos en ser un aliado estrat\u00e9gico en el fortalecimiento de la gesti\u00f3n administrativa, impulsando el \u00e9xito y la eficiencia en ambas esferas, p\u00fablica y privada.<\/p><\/div><\/div>\t\t\t\t<\/div>\n\t\t\t\t<\/div>\n\t\t\t\t\t<\/div>\n\t\t<\/div>\n\t\t\t\t\t<\/div>\n\t\t<\/section>\n\t\t\t\t<section class=\"elementor-section elementor-top-section elementor-element elementor-element-d5a302d elementor-section-height-min-height elementor-section-boxed elementor-section-height-default elementor-section-items-middle\" data-id=\"d5a302d\" data-element_type=\"section\" data-e-type=\"section\" data-settings=\"{&quot;background_background&quot;:&quot;classic&quot;}\">\n\t\t\t\t\t\t\t<div class=\"elementor-background-overlay\"><\/div>\n\t\t\t\t\t\t\t<div class=\"elementor-container elementor-column-gap-no\">\n\t\t\t\t\t<div class=\"elementor-column elementor-col-100 elementor-top-column elementor-element elementor-element-e1cf89e\" data-id=\"e1cf89e\" data-element_type=\"column\" data-e-type=\"column\">\n\t\t\t<div class=\"elementor-widget-wrap elementor-element-populated\">\n\t\t\t\t\t\t<div class=\"elementor-element elementor-element-575268c elementor-widget elementor-widget-heading\" data-id=\"575268c\" data-element_type=\"widget\" data-e-type=\"widget\" data-widget_type=\"heading.default\">\n\t\t\t\t<div class=\"elementor-widget-container\">\n\t\t\t\t\t<h6 class=\"elementor-heading-title elementor-size-default\">ERP SOFT SAS<\/h6>\t\t\t\t<\/div>\n\t\t\t\t<\/div>\n\t\t\t\t<div class=\"elementor-element elementor-element-fb7f8a9 elementor-widget elementor-widget-heading\" data-id=\"fb7f8a9\" data-element_type=\"widget\" data-e-type=\"widget\" data-widget_type=\"heading.default\">\n\t\t\t\t<div class=\"elementor-widget-container\">\n\t\t\t\t\t<h2 class=\"elementor-heading-title elementor-size-default\">Software\nInnovaci\u00f3n\nCapacitaci\u00f3n<\/h2>\t\t\t\t<\/div>\n\t\t\t\t<\/div>\n\t\t\t\t<div class=\"elementor-element elementor-element-029cd15 elementor-widget elementor-widget-text-editor\" data-id=\"029cd15\" data-element_type=\"widget\" data-e-type=\"widget\" data-widget_type=\"text-editor.default\">\n\t\t\t\t<div class=\"elementor-widget-container\">\n\t\t\t\t\t\t\t\t\t<p>Contamos con personal capacitado con m\u00e1s de 15 a\u00f1os de experiencia y Especialistas en Gesti\u00f3n de proyecto<\/p>\t\t\t\t\t\t\t\t<\/div>\n\t\t\t\t<\/div>\n\t\t\t\t<div class=\"elementor-element elementor-element-66a6a53 elementor-align-center elementor-widget elementor-widget-button\" data-id=\"66a6a53\" data-element_type=\"widget\" data-e-type=\"widget\" data-widget_type=\"button.default\">\n\t\t\t\t<div class=\"elementor-widget-container\">\n\t\t\t\t\t\t\t\t\t<div class=\"elementor-button-wrapper\">\n\t\t\t\t\t<a class=\"elementor-button elementor-button-link elementor-size-sm\" href=\"https:\/\/erpsoftsas.com\/index.php\/contacto\">\n\t\t\t\t\t\t<span class=\"elementor-button-content-wrapper\">\n\t\t\t\t\t\t\t\t\t<span class=\"elementor-button-text\">Contactanos<\/span>\n\t\t\t\t\t<\/span>\n\t\t\t\t\t<\/a>\n\t\t\t\t<\/div>\n\t\t\t\t\t\t\t\t<\/div>\n\t\t\t\t<\/div>\n\t\t\t\t\t<\/div>\n\t\t<\/div>\n\t\t\t\t\t<\/div>\n\t\t<\/section>\n\t\t\t\t<\/div>\n\t\t","protected":false},"excerpt":{"rendered":"<p>Servicios Instalaci\u00f3n En el mundo actual, la tecnolog\u00eda desempe\u00f1a un papel fundamental en la eficiencia y la gesti\u00f3n de las organizaciones, tanto en el sector p\u00fablico como en el privado. La instalaci\u00f3n de software se ha convertido en un servicio esencial para garantizar un funcionamiento sin contratiempos de las entidades, como Alcald\u00edas, Empresas de Servicios [&hellip;]<\/p>\n","protected":false},"author":1,"featured_media":0,"parent":0,"menu_order":0,"comment_status":"closed","ping_status":"closed","template":"","meta":{"site-sidebar-layout":"no-sidebar","site-content-layout":"page-builder","ast-site-content-layout":"default","site-content-style":"default","site-sidebar-style":"default","ast-global-header-display":"","ast-banner-title-visibility":"","ast-main-header-display":"","ast-hfb-above-header-display":"","ast-hfb-below-header-display":"","ast-hfb-mobile-header-display":"","site-post-title":"disabled","ast-breadcrumbs-content":"disabled","ast-featured-img":"disabled","footer-sml-layout":"","ast-disable-related-posts":"","theme-transparent-header-meta":"enabled","adv-header-id-meta":"","stick-header-meta":"","header-above-stick-meta":"","header-main-stick-meta":"","header-below-stick-meta":"","astra-migrate-meta-layouts":"default","ast-page-background-enabled":"default","ast-page-background-meta":{"desktop":{"background-color":"","background-image":"","background-repeat":"repeat","background-position":"center center","background-size":"auto","background-attachment":"scroll","background-type":"","background-media":"","overlay-type":"","overlay-color":"","overlay-opacity":"","overlay-gradient":""},"tablet":{"background-color":"","background-image":"","background-repeat":"repeat","background-position":"center center","background-size":"auto","background-attachment":"scroll","background-type":"","background-media":"","overlay-type":"","overlay-color":"","overlay-opacity":"","overlay-gradient":""},"mobile":{"background-color":"","background-image":"","background-repeat":"repeat","background-position":"center center","background-size":"auto","background-attachment":"scroll","background-type":"","background-media":"","overlay-type":"","overlay-color":"","overlay-opacity":"","overlay-gradient":""}},"ast-content-background-meta":{"desktop":{"background-color":"var(--ast-global-color-5)","background-image":"","background-repeat":"repeat","background-position":"center center","background-size":"auto","background-attachment":"scroll","background-type":"","background-media":"","overlay-type":"","overlay-color":"","overlay-opacity":"","overlay-gradient":""},"tablet":{"background-color":"var(--ast-global-color-5)","background-image":"","background-repeat":"repeat","background-position":"center center","background-size":"auto","background-attachment":"scroll","background-type":"","background-media":"","overlay-type":"","overlay-color":"","overlay-opacity":"","overlay-gradient":""},"mobile":{"background-color":"var(--ast-global-color-5)","background-image":"","background-repeat":"repeat","background-position":"center center","background-size":"auto","background-attachment":"scroll","background-type":"","background-media":"","overlay-type":"","overlay-color":"","overlay-opacity":"","overlay-gradient":""}},"footnotes":""},"class_list":["post-230","page","type-page","status-publish","hentry"],"_links":{"self":[{"href":"https:\/\/erpsoftsas.com\/index.php\/wp-json\/wp\/v2\/pages\/230","targetHints":{"allow":["GET"]}}],"collection":[{"href":"https:\/\/erpsoftsas.com\/index.php\/wp-json\/wp\/v2\/pages"}],"about":[{"href":"https:\/\/erpsoftsas.com\/index.php\/wp-json\/wp\/v2\/types\/page"}],"author":[{"embeddable":true,"href":"https:\/\/erpsoftsas.com\/index.php\/wp-json\/wp\/v2\/users\/1"}],"replies":[{"embeddable":true,"href":"https:\/\/erpsoftsas.com\/index.php\/wp-json\/wp\/v2\/comments?post=230"}],"version-history":[{"count":0,"href":"https:\/\/erpsoftsas.com\/index.php\/wp-json\/wp\/v2\/pages\/230\/revisions"}],"wp:attachment":[{"href":"https:\/\/erpsoftsas.com\/index.php\/wp-json\/wp\/v2\/media?parent=230"}],"curies":[{"name":"wp","href":"https:\/\/api.w.org\/{rel}","templated":true}]}}